{"id":937,"date":"2022-03-29T03:23:12","date_gmt":"2022-03-29T09:23:12","guid":{"rendered":"https:\/\/learn.seed2shirt.com\/cours-de-formation-sur-les-petites-exploitations-agricoles\/"},"modified":"2022-05-19T04:13:21","modified_gmt":"2022-05-19T10:13:21","slug":"formation-commerciale-pour-affaires-petites-exploitants-agricoles","status":"publish","type":"page","link":"https:\/\/learn.seed2shirt.com\/fr\/formation-commerciale-pour-affaires-petites-exploitants-agricoles\/","title":{"rendered":"Formation Commerciale pour Affaires Petites Exploitants Agricoles"},"content":{"rendered":"\n<p class=\"wp-block-paragraph\"><\/p>\n\n\n\n<p class=\"wp-block-paragraph\"><\/p>\n\n\n\n<div class=\"wp-block-columns has-background is-layout-flex wp-container-core-columns-is-layout-8f761849 wp-block-columns-is-layout-flex\" style=\"background-color:#f8f3ec\">\n<div class=\"wp-block-column is-vertically-aligned-center is-layout-flow wp-block-column-is-layout-flow\"><div class=\"wp-block-image\">\n<figure class=\"aligncenter size-full is-resized\"><img data-recalc-dims=\"1\" loading=\"lazy\" decoding=\"async\" data-attachment-id=\"1044\" data-permalink=\"https:\/\/learn.seed2shirt.com\/fr\/formation-commerciale-pour-affaires-petites-exploitants-agricoles\/formation-commerciale-pour-affaires-petites-exploitants-agricoles\/\" data-orig-file=\"https:\/\/i0.wp.com\/learn.seed2shirt.com\/wp-content\/uploads\/2022\/05\/Formation-Commerciale-pour-Affaires-Petites-Exploitants-Agricoles.png?fit=750%2C750&amp;ssl=1\" data-orig-size=\"750,750\" data-comments-opened=\"1\" data-image-meta=\"{&quot;aperture&quot;:&quot;0&quot;,&quot;credit&quot;:&quot;&quot;,&quot;camera&quot;:&quot;&quot;,&quot;caption&quot;:&quot;&quot;,&quot;created_timestamp&quot;:&quot;0&quot;,&quot;copyright&quot;:&quot;&quot;,&quot;focal_length&quot;:&quot;0&quot;,&quot;iso&quot;:&quot;0&quot;,&quot;shutter_speed&quot;:&quot;0&quot;,&quot;title&quot;:&quot;&quot;,&quot;orientation&quot;:&quot;0&quot;}\" data-image-title=\"Formation-Commerciale-pour-Affaires-Petites-Exploitants-Agricoles\" data-image-description=\"\" data-image-caption=\"\" data-medium-file=\"https:\/\/i0.wp.com\/learn.seed2shirt.com\/wp-content\/uploads\/2022\/05\/Formation-Commerciale-pour-Affaires-Petites-Exploitants-Agricoles.png?fit=300%2C300&amp;ssl=1\" data-large-file=\"https:\/\/i0.wp.com\/learn.seed2shirt.com\/wp-content\/uploads\/2022\/05\/Formation-Commerciale-pour-Affaires-Petites-Exploitants-Agricoles.png?fit=750%2C750&amp;ssl=1\" src=\"https:\/\/i0.wp.com\/learn.seed2shirt.com\/wp-content\/uploads\/2022\/05\/Formation-Commerciale-pour-Affaires-Petites-Exploitants-Agricoles.png?resize=300%2C300&#038;ssl=1\" alt=\"\" class=\"wp-image-1044\" width=\"300\" height=\"300\" srcset=\"https:\/\/i0.wp.com\/learn.seed2shirt.com\/wp-content\/uploads\/2022\/05\/Formation-Commerciale-pour-Affaires-Petites-Exploitants-Agricoles.png?w=750&amp;ssl=1 750w, https:\/\/i0.wp.com\/learn.seed2shirt.com\/wp-content\/uploads\/2022\/05\/Formation-Commerciale-pour-Affaires-Petites-Exploitants-Agricoles.png?resize=300%2C300&amp;ssl=1 300w, https:\/\/i0.wp.com\/learn.seed2shirt.com\/wp-content\/uploads\/2022\/05\/Formation-Commerciale-pour-Affaires-Petites-Exploitants-Agricoles.png?resize=150%2C150&amp;ssl=1 150w, https:\/\/i0.wp.com\/learn.seed2shirt.com\/wp-content\/uploads\/2022\/05\/Formation-Commerciale-pour-Affaires-Petites-Exploitants-Agricoles.png?resize=400%2C400&amp;ssl=1 400w, https:\/\/i0.wp.com\/learn.seed2shirt.com\/wp-content\/uploads\/2022\/05\/Formation-Commerciale-pour-Affaires-Petites-Exploitants-Agricoles.png?resize=200%2C200&amp;ssl=1 200w, https:\/\/i0.wp.com\/learn.seed2shirt.com\/wp-content\/uploads\/2022\/05\/Formation-Commerciale-pour-Affaires-Petites-Exploitants-Agricoles.png?resize=575%2C575&amp;ssl=1 575w, https:\/\/i0.wp.com\/learn.seed2shirt.com\/wp-content\/uploads\/2022\/05\/Formation-Commerciale-pour-Affaires-Petites-Exploitants-Agricoles.png?resize=380%2C380&amp;ssl=1 380w\" sizes=\"auto, (max-width: 300px) 100vw, 300px\" \/><\/figure>\n<\/div><\/div>\n\n\n\n<div class=\"wp-block-column is-vertically-aligned-center is-layout-flow wp-block-column-is-layout-flow\">\n<p class=\"has-palette-1-color-0-color has-text-color wp-block-paragraph\"><strong><strong>Formation Commerciale pour Affaires Petites Exploitants Agricoles<\/strong>:<\/strong> Formation visant \u00e0 am\u00e9liorer la compr\u00e9hension des affaires agricoles et \u00e0 augmenter les revenus de l&#8217;agriculteur pour toutes les cultures de l&#8217;exploitation. Les agriculteurs apprendront \u00e0 cr\u00e9er des mod\u00e8les de plans d&#8217;affaires pour leurs autres cultures et autres objectifs commerciaux.<\/p>\n\n\n\n<div class=\"wp-block-buttons is-layout-flex wp-block-buttons-is-layout-flex\"><\/div>\n<\/div>\n<\/div>\n\n\n\n<div class=\"wp-block-jetpack-layout-grid column1-desktop-grid__span-8 column1-desktop-grid__start-4 column1-desktop-grid__row-1 column1-tablet-grid__span-8 column1-tablet-grid__row-1 column1-mobile-grid__span-4 column1-mobile-grid__row-1\">\n<div class=\"wp-block-jetpack-layout-grid-column wp-block-jetpack-layout-grid__padding-none\">\n<h3 class=\"wp-block-heading\"><strong>Module 1: Principes de Base de l&#8217;Entreprise Agricole<\/strong><\/h3>\n\n\n\n<p class=\"has-large-font-size wp-block-paragraph\">Le\u00e7on 1: Qu&#8217;est-ce qu&#8217;une entreprise agricole &#8211; C&#8217;est juste un entreprise comme les autres <br>Le\u00e7on 2: Profit et perte <br>Le\u00e7on 3: Credit<br>Le\u00e7on 4: De l&#8217;argent pour vivre <br>Le\u00e7on 5: \u00c9viter l&#8217;\u00e9chec <br>Le\u00e7on 6: La communaut\u00e9 des affaires<\/p>\n<\/div>\n<\/div>\n\n\n\n<div class=\"wp-block-jetpack-layout-grid column1-desktop-grid__span-8 column1-desktop-grid__start-4 column1-desktop-grid__row-1 column1-tablet-grid__span-8 column1-tablet-grid__row-1 column1-mobile-grid__span-4 column1-mobile-grid__row-1\">\n<div class=\"wp-block-jetpack-layout-grid-column wp-block-jetpack-layout-grid__padding-none\">\n<h3 class=\"wp-block-heading\"><strong>Module 2: Planifier pour R\u00e9ussir<\/strong><\/h3>\n\n\n\n<p class=\"has-large-font-size wp-block-paragraph\">Le\u00e7on 1: Id\u00e9es d&#8217;affaires <br>Le\u00e7on 2: Le plan d&#8217;affaires <br>Le\u00e7on 3: Marketing <br>Le\u00e7on 4: Le plan financier <br>Le\u00e7on 5: Ce qui est necessaire <br>Le\u00e7on 6: Pr\u00eats\/financement<\/p>\n<\/div>\n<\/div>\n\n\n\n<div class=\"wp-block-jetpack-layout-grid column1-desktop-grid__span-8 column1-desktop-grid__start-4 column1-desktop-grid__row-1 column1-tablet-grid__span-8 column1-tablet-grid__row-1 column1-mobile-grid__span-4 column1-mobile-grid__row-1\">\n<div class=\"wp-block-jetpack-layout-grid-column wp-block-jetpack-layout-grid__padding-none\">\n<h3 class=\"wp-block-heading\"><strong>Module 3: Entretenis et Grandir<\/strong><\/h3>\n\n\n\n<p class=\"has-large-font-size wp-block-paragraph\">Le\u00e7on 1: Tenir des registres <br>Le\u00e7on 2: Activit\u00e9s des entreprises <br>Le\u00e7on 3: Maintenir la vie \/ l&#8217;entreprise <br>Le\u00e7on 4: Vos prochaines \u00e9tapes<\/p>\n<\/div>\n<\/div>\n\n\n\n<div class=\"wp-block-jetpack-layout-grid column1-desktop-grid__span-8 column1-desktop-grid__start-4 column1-desktop-grid__row-1 column1-tablet-grid__span-8 column1-tablet-grid__row-1 column1-mobile-grid__span-4 column1-mobile-grid__row-1\">\n<div class=\"wp-block-jetpack-layout-grid-column wp-block-jetpack-layout-grid__padding-none\">\n<h3 class=\"wp-block-heading\"><strong>Module 4: Mod\u00e8les et Ressource<\/strong>s<\/h3>\n\n\n\n<p class=\"has-large-font-size wp-block-paragraph\">Plus bient\u00f4t.<\/p>\n<\/div>\n<\/div>\n\n\n\n<div class=\"wp-block-jetpack-layout-grid column1-desktop-grid__span-8 column1-desktop-grid__start-4 column1-desktop-grid__row-1 column1-tablet-grid__span-8 column1-tablet-grid__row-1 column1-mobile-grid__span-4 column1-mobile-grid__row-1\">\n<div class=\"wp-block-jetpack-layout-grid-column wp-block-jetpack-layout-grid__padding-none\">\n<h3 class=\"wp-block-heading\"><strong>Module 5: \u00c9valuation et Mise en Oevre<\/strong><\/h3>\n\n\n\n<p class=\"has-large-font-size wp-block-paragraph\">Plus bient\u00f4t.<\/p>\n<\/div>\n<\/div>\n\n\n\n<div style=\"height:40px\" aria-hidden=\"true\" class=\"wp-block-spacer\"><\/div>\n\n\n\n<div class=\"wp-block-jetpack-layout-grid column1-desktop-grid__span-8 column1-desktop-grid__start-4 column1-desktop-grid__row-1 column1-tablet-grid__span-8 column1-tablet-grid__row-1 column1-mobile-grid__span-4 column1-mobile-grid__row-1\">\n<div class=\"wp-block-jetpack-layout-grid-column wp-block-jetpack-layout-grid__padding-none\">\n<div class=\"wp-block-buttons is-layout-flex wp-block-buttons-is-layout-flex\">\n<div class=\"wp-block-button has-custom-width wp-block-button__width-75\"><a class=\"wp-block-button__link\" href=\"https:\/\/learn.seed2shirt.com\/fr\/course\/formation-commerciale-petits-exploitants-agricoles\/\" target=\"_blank\" rel=\"noreferrer noopener\"><strong>AU COURS<\/strong><\/a><\/div>\n<\/div>\n<\/div>\n<\/div>\n\n\n\n<div style=\"height:100px\" aria-hidden=\"true\" class=\"wp-block-spacer\"><\/div>\n","protected":false},"excerpt":{"rendered":"<p>Formation Commerciale pour Affaires Petites Exploitants Agricoles: Formation visant \u00e0 am\u00e9liorer la compr\u00e9hension des affaires agricoles et \u00e0 augmenter les revenus de l&#8217;agriculteur pour toutes les cultures de l&#8217;exploitation. Les [&hellip;]<\/p>\n","protected":false},"author":218475873,"featured_media":0,"parent":0,"menu_order":0,"comment_status":"closed","ping_status":"closed","template":"","meta":{"_crdt_document":"","advanced_seo_description":"","jetpack_seo_html_title":"","jetpack_seo_noindex":false,"jetpack_post_was_ever_published":false,"footnotes":""},"class_list":["post-937","page","type-page","status-publish","hentry"],"jetpack_likes_enabled":true,"jetpack_sharing_enabled":true,"jetpack_shortlink":"https:\/\/wp.me\/PdMJbW-f7","_links":{"self":[{"href":"https:\/\/learn.seed2shirt.com\/fr\/wp-json\/wp\/v2\/pages\/937","targetHints":{"allow":["GET"]}}],"collection":[{"href":"https:\/\/learn.seed2shirt.com\/fr\/wp-json\/wp\/v2\/pages"}],"about":[{"href":"https:\/\/learn.seed2shirt.com\/fr\/wp-json\/wp\/v2\/types\/page"}],"author":[{"embeddable":true,"href":"https:\/\/learn.seed2shirt.com\/fr\/wp-json\/wp\/v2\/users\/218475873"}],"replies":[{"embeddable":true,"href":"https:\/\/learn.seed2shirt.com\/fr\/wp-json\/wp\/v2\/comments?post=937"}],"version-history":[{"count":13,"href":"https:\/\/learn.seed2shirt.com\/fr\/wp-json\/wp\/v2\/pages\/937\/revisions"}],"predecessor-version":[{"id":1054,"href":"https:\/\/learn.seed2shirt.com\/fr\/wp-json\/wp\/v2\/pages\/937\/revisions\/1054"}],"wp:attachment":[{"href":"https:\/\/learn.seed2shirt.com\/fr\/wp-json\/wp\/v2\/media?parent=937"}],"curies":[{"name":"wp","href":"https:\/\/api.w.org\/{rel}","templated":true}]}}